{"id":10,"date":"2019-04-18T18:01:02","date_gmt":"2019-04-18T18:01:02","guid":{"rendered":"http:\/\/friedrichs.haus-mozart.de\/?page_id=10"},"modified":"2019-04-18T18:01:02","modified_gmt":"2019-04-18T18:01:02","slug":"impressum","status":"publish","type":"page","link":"https:\/\/friedrichs.haus-mozart.de\/?page_id=10","title":{"rendered":"IMPRESSUM"},"content":{"rendered":"\n<p>Verantwortlicher f\u00fcr die Homepage (im Sinne des \u00a7 10 Abs. 3 MDStV)\u00a0<\/p>\n\n\n\n<p><br>Familie Friedrichs . Fon 038393 2857 . Hauptstrasse 14 . 18609 Ostseebad Binz<\/p>\n\n\n\n<p>Mail\u00a0<a href=\"mailto:info@friedrichs-binz.de\">info@friedrichs-binz.de<\/a>\u00a0. Site www.friedrichs-binz.de<br><br><strong>HAFTUNGSAUSSCHLUSS<\/strong><br>Trotz sorgf\u00e4ltiger Kontrolle \u00fcbernehmen wir keine Haftung f\u00fcr die Inhalte externer Links. F\u00fcr den Inhalt der verlinkten Seiten sind ausschlie\u00dflich deren Betreiber verantwortlich.\u00a0<\/p>\n\n\n\n<p><strong>DATENSCHUTZHINWEIS . MAIL FORMULAR<\/strong><br>Wir speichen die von Ihnen \u00fcbermittelten Daten, zur Kommunikation mit Ihnen. Diese werden grunds\u00e4tzlich nicht an Dritte \u00fcbermittelt.<\/p>\n\n\n\n<h2>DISCLAIMER<\/h2>\n\n\n\n<p>Die bereitgestellten Informationen sind mit gro\u00dfer Sorgfalt erstellt worden. Fehler sind jedoch nicht v\u00f6llig auszuschlie\u00dfen. F\u00fcr Sch\u00e4den durch Nutzung fehlerhafter oder unvollst\u00e4ndiger Informationen haften wir nicht, es sei denn, es liegt vors\u00e4tzliches oder grob fahrl\u00e4ssiges Verschulden von uns, eines unserer gesetzlichen Vertreter oder einen unserer Erf\u00fcllungsgehilfen vor.&nbsp;<br>Der Inhalt aller von uns verlinkten Webseiten wurde von uns \u00fcberpr\u00fcft. Diese haben nach unserer Kenntnis keinen rechtswidrigen, moralisch fragw\u00fcrdigen oder diffamierenden Inhalt. Da wir neue Inhalte nicht st\u00e4ndig \u00fcberpr\u00fcfen k\u00f6nnen, distanzieren wir uns hiermit ausdr\u00fccklich von s\u00e4mtlichen nachtr\u00e4glich ge\u00e4nderten\/erg\u00e4nzten Inhalten der verlinkten Seiten.\n\n<\/p>\n","protected":false},"excerpt":{"rendered":"<p>Verantwortlicher f\u00fcr die Homepage (im Sinne des \u00a7 10 Abs. 3 MDStV)\u00a0 Familie Friedrichs . Fon 038393 2857 . Hauptstrasse 14 . 18609 Ostseebad Binz Mail\u00a0info@friedrichs-binz.de\u00a0. Site www.friedrichs-binz.de HAFTUNGSAUSSCHLUSSTrotz sorgf\u00e4ltiger Kontrolle \u00fcbernehmen wir keine Haftung f\u00fcr die Inhalte externer Links. F\u00fcr den Inhalt der verlinkten Seiten sind ausschlie\u00dflich deren Betreiber verantwortlich.\u00a0 DATENSCHUTZHINWEIS . MAIL FORMULARWir &hellip; <\/p>\n<p class=\"link-more\"><a href=\"https:\/\/friedrichs.haus-mozart.de\/?page_id=10\" class=\"more-link\"><span class=\"screen-reader-text\">\u201eIMPRESSUM\u201c<\/span> weiterlesen<\/a><\/p>\n","protected":false},"author":1,"featured_media":0,"parent":0,"menu_order":0,"comment_status":"closed","ping_status":"closed","template":"","meta":[],"_links":{"self":[{"href":"https:\/\/friedrichs.haus-mozart.de\/index.php?rest_route=\/wp\/v2\/pages\/10"}],"collection":[{"href":"https:\/\/friedrichs.haus-mozart.de\/index.php?rest_route=\/wp\/v2\/pages"}],"about":[{"href":"https:\/\/friedrichs.haus-mozart.de\/index.php?rest_route=\/wp\/v2\/types\/page"}],"author":[{"embeddable":true,"href":"https:\/\/friedrichs.haus-mozart.de\/index.php?rest_route=\/wp\/v2\/users\/1"}],"replies":[{"embeddable":true,"href":"https:\/\/friedrichs.haus-mozart.de\/index.php?rest_route=%2Fwp%2Fv2%2Fcomments&post=10"}],"version-history":[{"count":1,"href":"https:\/\/friedrichs.haus-mozart.de\/index.php?rest_route=\/wp\/v2\/pages\/10\/revisions"}],"predecessor-version":[{"id":11,"href":"https:\/\/friedrichs.haus-mozart.de\/index.php?rest_route=\/wp\/v2\/pages\/10\/revisions\/11"}],"wp:attachment":[{"href":"https:\/\/friedrichs.haus-mozart.de\/index.php?rest_route=%2Fwp%2Fv2%2Fmedia&parent=10"}],"curies":[{"name":"wp","href":"https:\/\/api.w.org\/{rel}","templated":true}]}}